{"id":40,"date":"2013-05-29T19:56:20","date_gmt":"2013-05-29T19:56:20","guid":{"rendered":"http:\/\/dancepicks.lauracharlie.com\/?page_id=40"},"modified":"2019-11-20T16:11:11","modified_gmt":"2019-11-20T16:11:11","slug":"dancing-with-pain","status":"publish","type":"page","link":"https:\/\/dancepicks.lauracharlie.com\/?page_id=40","title":{"rendered":"Dancing with pain"},"content":{"rendered":"<p>Puede un dolor ser tan psicosom\u00e1tico? O es todo verdad? Puede un momento ser bueno y malo al mismo tiempo?<\/p>\n<p>Muchas reflexiones acerca del porqu\u00e9 del dolor. Va y viene. Tiene origen mec\u00e1nica y aun as\u00ed desaparece en estado de animo feliz. Pero no siempre.<\/p>\n<p><em>\u00a0The inner limits intermittently blocks outer venturing, producing limping.<\/em><\/p>\n<p>Lo \u00fanico claro es que, con o sin, conviene seguir bailando, explorando, conviviendo con el.<\/p>\n<p><a href=\"http:\/\/dancepicks.lauracharlie.com\/?attachment_id=41\" rel=\"attachment wp-att-41\"><img loading=\"lazy\" class=\"alignnone size-large wp-image-41\" alt=\"disp1\" src=\"http:\/\/dancepicks.lauracharlie.com\/wp-content\/uploads\/2013\/05\/disp1-824x618.jpg\" width=\"660\" height=\"495\" srcset=\"https:\/\/dancepicks.lauracharlie.com\/wp-content\/uploads\/2013\/05\/disp1-824x618.jpg 824w, https:\/\/dancepicks.lauracharlie.com\/wp-content\/uploads\/2013\/05\/disp1-300x224.jpg 300w, https:\/\/dancepicks.lauracharlie.com\/wp-content\/uploads\/2013\/05\/disp1-700x525.jpg 700w\" sizes=\"(max-width: 660px) 100vw, 660px\" \/><\/a><\/p>\n<p><a href=\"http:\/\/dancepicks.lauracharlie.com\/?attachment_id=43\" rel=\"attachment wp-att-43\"><img loading=\"lazy\" class=\"alignnone size-large wp-image-43\" alt=\"dance with pain2\" src=\"http:\/\/dancepicks.lauracharlie.com\/wp-content\/uploads\/2013\/05\/dance-with-pain2-824x824.jpg\" width=\"660\" height=\"660\" srcset=\"https:\/\/dancepicks.lauracharlie.com\/wp-content\/uploads\/2013\/05\/dance-with-pain2-824x824.jpg 824w, https:\/\/dancepicks.lauracharlie.com\/wp-content\/uploads\/2013\/05\/dance-with-pain2-150x150.jpg 150w, https:\/\/dancepicks.lauracharlie.com\/wp-content\/uploads\/2013\/05\/dance-with-pain2-300x300.jpg 300w, https:\/\/dancepicks.lauracharlie.com\/wp-content\/uploads\/2013\/05\/dance-with-pain2-432x432.jpg 432w, https:\/\/dancepicks.lauracharlie.com\/wp-content\/uploads\/2013\/05\/dance-with-pain2-268x268.jpg 268w, https:\/\/dancepicks.lauracharlie.com\/wp-content\/uploads\/2013\/05\/dance-with-pain2-700x700.jpg 700w, https:\/\/dancepicks.lauracharlie.com\/wp-content\/uploads\/2013\/05\/dance-with-pain2.jpg 1488w\" sizes=\"(max-width: 660px) 100vw, 660px\" \/><\/a><\/p>\n<p>Dancing with pain pertenece a la serie <a href=\"http:\/\/lauracharlie9.tumblr.com\/tagged\/improbable%20covers\">improbable records<\/a>. Discos y artistas que no existen, para expresar pensamientos y estados de animo, como una carta o un cuento\u00a0corto.<\/p>\n","protected":false},"excerpt":{"rendered":"<p>Puede un dolor ser tan psicosom\u00e1tico? O es todo verdad? Puede un momento ser bueno y malo al mismo tiempo? Muchas reflexiones acerca del porqu\u00e9 del dolor. Va y viene. Tiene origen mec\u00e1nica y aun as\u00ed desaparece en estado de animo feliz. Pero no siempre. \u00a0The inner limits intermittently blocks outer venturing, producing limping. Lo \u00fanico claro es que, con o sin, conviene seguir bailando, explorando, conviviendo con el. Dancing with pain pertenece a la serie improbable records. Discos y artistas que no existen, para expresar pensamientos y estados de animo, como una carta o un cuento\u00a0corto.<\/p>\n","protected":false},"author":1,"featured_media":0,"parent":0,"menu_order":0,"comment_status":"closed","ping_status":"closed","template":"template-landing-page.php","meta":[],"_links":{"self":[{"href":"https:\/\/dancepicks.lauracharlie.com\/index.php?rest_route=\/wp\/v2\/pages\/40"}],"collection":[{"href":"https:\/\/dancepicks.lauracharlie.com\/index.php?rest_route=\/wp\/v2\/pages"}],"about":[{"href":"https:\/\/dancepicks.lauracharlie.com\/index.php?rest_route=\/wp\/v2\/types\/page"}],"author":[{"embeddable":true,"href":"https:\/\/dancepicks.lauracharlie.com\/index.php?rest_route=\/wp\/v2\/users\/1"}],"replies":[{"embeddable":true,"href":"https:\/\/dancepicks.lauracharlie.com\/index.php?rest_route=%2Fwp%2Fv2%2Fcomments&post=40"}],"version-history":[{"count":6,"href":"https:\/\/dancepicks.lauracharlie.com\/index.php?rest_route=\/wp\/v2\/pages\/40\/revisions"}],"predecessor-version":[{"id":294,"href":"https:\/\/dancepicks.lauracharlie.com\/index.php?rest_route=\/wp\/v2\/pages\/40\/revisions\/294"}],"wp:attachment":[{"href":"https:\/\/dancepicks.lauracharlie.com\/index.php?rest_route=%2Fwp%2Fv2%2Fmedia&parent=40"}],"curies":[{"name":"wp","href":"https:\/\/api.w.org\/{rel}","templated":true}]}}